{"id":12,"date":"2025-07-22T09:55:40","date_gmt":"2025-07-22T09:55:40","guid":{"rendered":"https:\/\/effcom.lv\/practice-areas\/"},"modified":"2025-08-20T19:52:44","modified_gmt":"2025-08-20T19:52:44","slug":"pakalpojumi","status":"publish","type":"page","link":"https:\/\/effcom.lv\/en\/pakalpojumi\/","title":{"rendered":"Services"},"content":{"rendered":"<div class=\"wp-block-uagb-container uagb-block-49d17bf2 alignfull uagb-is-root-container\"><div class=\"uagb-container-inner-blocks-wrap\">\n<div class=\"wp-block-uagb-advanced-heading uagb-block-adce6edd\"><h1 class=\"uagb-heading-text\">Contract management<\/h1><\/div>\n\n\n\n<div class=\"wp-block-uagb-info-box uagb-block-441dcefd uagb-infobox__content-wrap  uagb-infobox-icon-above-title uagb-infobox-image-valign-top wp-block-uagb-info-box--has-margin\"><div class=\"uagb-infobox-margin-wrapper\"><div class=\"uagb-ifb-content\"><div class=\"uagb-ifb-title-wrap\"><div class=\"uagb-ifb-separator\"><\/div><h1 class=\"uagb-ifb-title\">Services<\/h1><\/div><\/div><\/div><\/div>\n<\/div><\/div>\n\n\n\n<div class=\"wp-block-uagb-container uagb-layout-grid uagb-block-beb3ac1d alignfull uagb-is-root-container\"><div class=\"uagb-container-inner-blocks-wrap\">\n<div data-aos= \"fade-up\" data-aos-duration=\"400\" data-aos-delay=\"0\" data-aos-easing=\"ease\" data-aos-once=\"true\" class=\"wp-block-uagb-info-box uagb-block-fb3f8749 uagb-infobox__content-wrap  uagb-infobox-icon-above-title uagb-infobox-image-valign-top\"><div class=\"uagb-ifb-content\"><div class=\"uagb-ifb-title-wrap\"><div class=\"uagb-ifb-separator\"><\/div><h2 class=\"uagb-ifb-title\">Our services<\/h2><\/div><\/div><\/div>\n<\/div><\/div>\n\n\n\n<div class=\"wp-block-uagb-container uagb-block-9b84f3b6 alignfull uagb-is-root-container\"><div class=\"uagb-container-inner-blocks-wrap\">\n<div data-aos= \"fade-right\" data-aos-duration=\"400\" data-aos-delay=\"0\" data-aos-easing=\"ease\" data-aos-once=\"true\" class=\"wp-block-uagb-container uagb-block-9e2a091e\">\n<div class=\"wp-block-uagb-info-box uagb-block-44b23802 uagb-infobox__content-wrap  uagb-infobox-icon-above-title uagb-infobox-image-valign-top\"><div class=\"uagb-ifb-content\"><div class=\"uagb-ifb-icon-wrap\"><svg xmlns=\"https:\/\/www.w3.org\/2000\/svg\" viewbox=\"0 0 512 512\"><path d=\"M362.7 19.32C387.7-5.678 428.3-5.678 453.3 19.32L492.7 58.75C517.7 83.74 517.7 124.3 492.7 149.3L444.3 197.7L314.3 67.72L362.7 19.32zM421.7 220.3L188.5 453.4C178.1 463.8 165.2 471.5 151.1 475.6L30.77 511C22.35 513.5 13.24 511.2 7.03 504.1C.8198 498.8-1.502 489.7 .976 481.2L36.37 360.9C40.53 346.8 48.16 333.9 58.57 323.5L291.7 90.34L421.7 220.3z\"><\/path><\/svg><\/div><div class=\"uagb-ifb-title-wrap\"><h3 class=\"uagb-ifb-title\">Contract risk analysis<\/h3><\/div><p class=\"uagb-ifb-desc\">Understanding that only in an ideal world would there be risk-free contracts, we will ensure that when signing the contract and assuming obligations, you are clearly aware of the risks associated with the contract and avoid unforeseen threats in the performance of the contract.<\/p><\/div><\/div>\n<\/div>\n\n\n\n<div data-aos= \"fade-left\" data-aos-duration=\"400\" data-aos-delay=\"0\" data-aos-easing=\"ease\" data-aos-once=\"true\" class=\"wp-block-uagb-container uagb-block-c023adca\">\n<div class=\"wp-block-uagb-info-box uagb-block-c54aabf7 uagb-infobox__content-wrap  uagb-infobox-icon-above-title uagb-infobox-image-valign-top\"><div class=\"uagb-ifb-content\"><div class=\"uagb-ifb-icon-wrap\"><svg xmlns=\"https:\/\/www.w3.org\/2000\/svg\" viewbox=\"0 0 512 512\"><path d=\"M256 31.1c-141.4 0-255.1 93.12-255.1 208c0 49.62 21.35 94.98 56.97 130.7c-12.5 50.37-54.27 95.27-54.77 95.77c-2.25 2.25-2.875 5.734-1.5 8.734c1.249 3 4.021 4.766 7.271 4.766c66.25 0 115.1-31.76 140.6-51.39c32.63 12.25 69.02 19.39 107.4 19.39c141.4 0 255.1-93.13 255.1-207.1S397.4 31.1 256 31.1zM127.1 271.1c-17.75 0-32-14.25-32-31.1s14.25-32 32-32s32 14.25 32 32S145.7 271.1 127.1 271.1zM256 271.1c-17.75 0-31.1-14.25-31.1-31.1s14.25-32 31.1-32s31.1 14.25 31.1 32S273.8 271.1 256 271.1zM383.1 271.1c-17.75 0-32-14.25-32-31.1s14.25-32 32-32s32 14.25 32 32S401.7 271.1 383.1 271.1z\"><\/path><\/svg><\/div><div class=\"uagb-ifb-title-wrap\"><h3 class=\"uagb-ifb-title\">Contract negotiations<\/h3><\/div><p class=\"uagb-ifb-desc\">Within the limits of your authorization and in close cooperation with your specialists, we will conduct the necessary contract negotiations, both helping you choose a business partner (if a choice needs to be made) and ensuring the best possible contract terms in your interests.<\/p><\/div><\/div>\n<\/div>\n<\/div><\/div>\n\n\n\n<div class=\"wp-block-uagb-container uagb-block-62c19f2c alignfull uagb-is-root-container\"><div class=\"uagb-container-inner-blocks-wrap\">\n<div data-aos= \"fade-right\" data-aos-duration=\"400\" data-aos-delay=\"0\" data-aos-easing=\"ease\" data-aos-once=\"true\" class=\"wp-block-uagb-container uagb-block-b681ca6d\">\n<div class=\"wp-block-uagb-info-box uagb-block-e77efcea uagb-infobox__content-wrap  uagb-infobox-icon-above-title uagb-infobox-image-valign-top\"><div class=\"uagb-ifb-content\"><div class=\"uagb-ifb-icon-wrap\"><svg xmlns=\"https:\/\/www.w3.org\/2000\/svg\" viewbox=\"0 0 640 512\"><path d=\"M0 383.9l64 .0404c17.75 0 32-14.29 32-32.03V128.3L0 128.3V383.9zM48 320.1c8.75 0 16 7.118 16 15.99c0 8.742-7.25 15.99-16 15.99S32 344.8 32 336.1C32 327.2 39.25 320.1 48 320.1zM348.8 64c-7.941 0-15.66 2.969-21.52 8.328L228.9 162.3C228.8 162.5 228.8 162.7 228.6 162.7C212 178.3 212.3 203.2 226.5 218.7c12.75 13.1 39.38 17.62 56.13 2.75C282.8 221.3 282.9 221.3 283 221.2l79.88-73.1c6.5-5.871 16.75-5.496 22.62 1c6 6.496 5.5 16.62-1 22.62l-26.12 23.87L504 313.7c2.875 2.496 5.5 4.996 7.875 7.742V127.1c-40.98-40.96-96.48-63.88-154.4-63.88L348.8 64zM334.6 217.4l-30 27.49c-29.75 27.11-75.25 24.49-101.8-4.371C176 211.2 178.1 165.7 207.3 138.9L289.1 64H282.5C224.7 64 169.1 87.08 128.2 127.9L128 351.8l18.25 .0369l90.5 81.82c27.5 22.37 67.75 18.12 90-9.246l18.12 15.24c15.88 12.1 39.38 10.5 52.38-5.371l31.38-38.6l5.374 4.498c13.75 11 33.88 9.002 45-4.748l9.538-11.78c11.12-13.75 9.036-33.78-4.694-44.93L334.6 217.4zM544 128.4v223.6c0 17.62 14.25 32.05 31.1 32.05L640 384V128.1L544 128.4zM592 352c-8.75 0-16-7.246-16-15.99c0-8.875 7.25-15.99 16-15.99S608 327.2 608 336.1C608 344.8 600.8 352 592 352z\"><\/path><\/svg><\/div><div class=\"uagb-ifb-title-wrap\"><h3 class=\"uagb-ifb-title\">Monitoring of contract execution<\/h3><\/div><p class=\"uagb-ifb-desc\">We will implement contract performance monitoring to the extent agreed upon with you, ensuring the control necessary for the ongoing performance of the contract and the fastest possible resolution of problems.<\/p><\/div><\/div>\n<\/div>\n\n\n\n<div data-aos= \"fade-left\" data-aos-duration=\"400\" data-aos-delay=\"0\" data-aos-easing=\"ease\" data-aos-once=\"true\" class=\"wp-block-uagb-container uagb-block-6503bee8\">\n<div class=\"wp-block-uagb-info-box uagb-block-215191f9 uagb-infobox__content-wrap  uagb-infobox-icon-above-title uagb-infobox-image-valign-top\"><div class=\"uagb-ifb-content\"><div class=\"uagb-ifb-icon-wrap\"><svg xmlns=\"https:\/\/www.w3.org\/2000\/svg\" viewbox=\"0 0 576 512\"><path d=\"M0 48C0 21.49 21.49 0 48 0H336C362.5 0 384 21.49 384 48V207L341.6 224H272C263.2 224 256 231.2 256 240V304C256 304.9 256.1 305.7 256.2 306.6C258.5 364.7 280.3 451.4 354.9 508.1C349.1 510.6 342.7 512 336 512H240V432C240 405.5 218.5 384 192 384C165.5 384 144 405.5 144 432V512H48C21.49 512 0 490.5 0 464V48zM80 224C71.16 224 64 231.2 64 240V272C64 280.8 71.16 288 80 288H112C120.8 288 128 280.8 128 272V240C128 231.2 120.8 224 112 224H80zM160 272C160 280.8 167.2 288 176 288H208C216.8 288 224 280.8 224 272V240C224 231.2 216.8 224 208 224H176C167.2 224 160 231.2 160 240V272zM64 144C64 152.8 71.16 160 80 160H112C120.8 160 128 152.8 128 144V112C128 103.2 120.8 96 112 96H80C71.16 96 64 103.2 64 112V144zM176 96C167.2 96 160 103.2 160 112V144C160 152.8 167.2 160 176 160H208C216.8 160 224 152.8 224 144V112C224 103.2 216.8 96 208 96H176zM256 144C256 152.8 263.2 160 272 160H304C312.8 160 320 152.8 320 144V112C320 103.2 312.8 96 304 96H272C263.2 96 256 103.2 256 112V144zM423.1 225.7C428.8 223.4 435.2 223.4 440.9 225.7L560.9 273.7C570 277.4 576 286.2 576 296C576 359.3 550.1 464.8 441.2 510.2C435.3 512.6 428.7 512.6 422.8 510.2C313.9 464.8 288 359.3 288 296C288 286.2 293.1 277.4 303.1 273.7L423.1 225.7zM432 273.8V461.7C500.2 428.7 523.5 362.7 527.4 311.1L432 273.8z\"><\/path><\/svg><\/div><div class=\"uagb-ifb-title-wrap\"><h3 class=\"uagb-ifb-title\">Ensuring the performance of subcontractors<\/h3><\/div><p class=\"uagb-ifb-desc\">We will coordinate the process of fulfilling your subcontractors' contractual obligations in contracts so that their activities are coordinated to achieve your intended goals.<\/p><\/div><\/div>\n<\/div>\n<\/div><\/div>","protected":false},"excerpt":{"rendered":"<p>Contract management<\/p>","protected":false},"author":1,"featured_media":0,"parent":0,"menu_order":0,"comment_status":"closed","ping_status":"closed","template":"","meta":{"_coblocks_attr":"","_coblocks_dimensions":"{\"coblocks-hero-71113188527\":{\"padding\":{}}}","_coblocks_responsive_height":"","_coblocks_accordion_ie_support":"","_uag_custom_page_level_css":"","site-sidebar-layout":"no-sidebar","site-content-layout":"plain-container","ast-site-content-layout":"normal-width-container","site-content-style":"unboxed","site-sidebar-style":"unboxed","ast-global-header-display":"","ast-banner-title-visibility":"","ast-main-header-display":"","ast-hfb-above-header-display":"","ast-hfb-below-header-display":"","ast-hfb-mobile-header-display":"","site-post-title":"disabled","ast-breadcrumbs-content":"","ast-featured-img":"disabled","footer-sml-layout":"","theme-transparent-header-meta":"enabled","adv-header-id-meta":"","stick-header-meta":"","header-above-stick-meta":"","header-main-stick-meta":"","header-below-stick-meta":"","astra-migrate-meta-layouts":"set","ast-page-background-enabled":"default","ast-page-background-meta":{"desktop":{"background-color":"var(--ast-global-color-4)","background-image":"","background-repeat":"repeat","background-position":"center center","background-size":"auto","background-attachment":"scroll","background-type":"","background-media":"","overlay-type":"","overlay-color":"","overlay-opacity":"","overlay-gradient":""},"tablet":{"background-color":"","background-image":"","background-repeat":"repeat","background-position":"center center","background-size":"auto","background-attachment":"scroll","background-type":"","background-media":"","overlay-type":"","overlay-color":"","overlay-opacity":"","overlay-gradient":""},"mobile":{"background-color":"","background-image":"","background-repeat":"repeat","background-position":"center center","background-size":"auto","background-attachment":"scroll","background-type":"","background-media":"","overlay-type":"","overlay-color":"","overlay-opacity":"","overlay-gradient":""}},"ast-content-background-meta":{"desktop":{"background-color":"var(--ast-global-color-5)","background-image":"","background-repeat":"repeat","background-position":"center center","background-size":"auto","background-attachment":"scroll","background-type":"","background-media":"","overlay-type":"","overlay-color":"","overlay-opacity":"","overlay-gradient":""},"tablet":{"background-color":"var(--ast-global-color-5)","background-image":"","background-repeat":"repeat","background-position":"center center","background-size":"auto","background-attachment":"scroll","background-type":"","background-media":"","overlay-type":"","overlay-color":"","overlay-opacity":"","overlay-gradient":""},"mobile":{"background-color":"var(--ast-global-color-5)","background-image":"","background-repeat":"repeat","background-position":"center center","background-size":"auto","background-attachment":"scroll","background-type":"","background-media":"","overlay-type":"","overlay-color":"","overlay-opacity":"","overlay-gradient":""}},"footnotes":""},"class_list":["post-12","page","type-page","status-publish","hentry"],"featured_image_src":null,"yoast_head":"<!-- This site is optimized with the Yoast SEO plugin v26.2 - https:\/\/yoast.com\/wordpress\/plugins\/seo\/ -->\n<title>L\u012bguma risku anal\u012bze | L\u012bgumu p\u0101rrunas un izpildes uzraudz\u012bba<\/title>\n<meta name=\"description\" content=\"Pied\u0101v\u0101j\u0101m l\u012bguma risku anal\u012bzi, l\u012bgumu p\u0101rrunas, l\u012bgumu izpildes uzraudz\u012bbu, apak\u0161uz\u0146\u0113m\u0113ju darb\u012bbas nodro\u0161in\u0101\u0161anu.\" \/>\n<meta name=\"robots\" content=\"index, follow, max-snippet:-1, max-image-preview:large, max-video-preview:-1\" \/>\n<link rel=\"canonical\" href=\"https:\/\/effcom.lv\/en\/pakalpojumi\/\" \/>\n<meta property=\"og:locale\" content=\"en_US\" \/>\n<meta property=\"og:type\" content=\"article\" \/>\n<meta property=\"og:title\" content=\"L\u012bguma risku anal\u012bze | L\u012bgumu p\u0101rrunas un izpildes uzraudz\u012bba\" \/>\n<meta property=\"og:description\" content=\"Pied\u0101v\u0101j\u0101m l\u012bguma risku anal\u012bzi, l\u012bgumu p\u0101rrunas, l\u012bgumu izpildes uzraudz\u012bbu, apak\u0161uz\u0146\u0113m\u0113ju darb\u012bbas nodro\u0161in\u0101\u0161anu.\" \/>\n<meta property=\"og:url\" content=\"https:\/\/effcom.lv\/en\/pakalpojumi\/\" \/>\n<meta property=\"og:site_name\" content=\"EFFECTIVE CONTRACT MANAGEMENT\" \/>\n<meta property=\"article:modified_time\" content=\"2025-08-20T19:52:44+00:00\" \/>\n<meta property=\"og:image\" content=\"https:\/\/effcom.lv\/wp-content\/uploads\/2025\/08\/Untitled-design-5.png\" \/>\n\t<meta property=\"og:image:width\" content=\"512\" \/>\n\t<meta property=\"og:image:height\" content=\"512\" \/>\n\t<meta property=\"og:image:type\" content=\"image\/png\" \/>\n<meta name=\"twitter:card\" content=\"summary_large_image\" \/>\n<meta name=\"twitter:label1\" content=\"Est. reading time\" \/>\n\t<meta name=\"twitter:data1\" content=\"1 minute\" \/>\n<script type=\"application\/ld+json\" class=\"yoast-schema-graph\">{\"@context\":\"https:\/\/schema.org\",\"@graph\":[{\"@type\":\"WebPage\",\"@id\":\"https:\/\/effcom.lv\/pakalpojumi\/\",\"url\":\"https:\/\/effcom.lv\/pakalpojumi\/\",\"name\":\"L\u012bguma risku anal\u012bze | L\u012bgumu p\u0101rrunas un izpildes uzraudz\u012bba\",\"isPartOf\":{\"@id\":\"https:\/\/effcom.lv\/#website\"},\"datePublished\":\"2025-07-22T09:55:40+00:00\",\"dateModified\":\"2025-08-20T19:52:44+00:00\",\"description\":\"Pied\u0101v\u0101j\u0101m l\u012bguma risku anal\u012bzi, l\u012bgumu p\u0101rrunas, l\u012bgumu izpildes uzraudz\u012bbu, apak\u0161uz\u0146\u0113m\u0113ju darb\u012bbas nodro\u0161in\u0101\u0161anu.\",\"breadcrumb\":{\"@id\":\"https:\/\/effcom.lv\/pakalpojumi\/#breadcrumb\"},\"inLanguage\":\"en-US\",\"potentialAction\":[{\"@type\":\"ReadAction\",\"target\":[\"https:\/\/effcom.lv\/pakalpojumi\/\"]}]},{\"@type\":\"BreadcrumbList\",\"@id\":\"https:\/\/effcom.lv\/pakalpojumi\/#breadcrumb\",\"itemListElement\":[{\"@type\":\"ListItem\",\"position\":1,\"name\":\"Home\",\"item\":\"https:\/\/effcom.lv\/\"},{\"@type\":\"ListItem\",\"position\":2,\"name\":\"Pakalpojumi\"}]},{\"@type\":\"WebSite\",\"@id\":\"https:\/\/effcom.lv\/#website\",\"url\":\"https:\/\/effcom.lv\/\",\"name\":\"EFFECTIVE CONTRACT MANAGEMENT | juridiskais birojs | tiesved\u012bbas | konsult\u0101cijas\",\"description\":\"\",\"publisher\":{\"@id\":\"https:\/\/effcom.lv\/#organization\"},\"alternateName\":\"EFFCOM | juridiskais birojs | tiesved\u012bbas | konsult\u0101cijas\",\"potentialAction\":[{\"@type\":\"SearchAction\",\"target\":{\"@type\":\"EntryPoint\",\"urlTemplate\":\"https:\/\/effcom.lv\/?s={search_term_string}\"},\"query-input\":{\"@type\":\"PropertyValueSpecification\",\"valueRequired\":true,\"valueName\":\"search_term_string\"}}],\"inLanguage\":\"en-US\"},{\"@type\":\"Organization\",\"@id\":\"https:\/\/effcom.lv\/#organization\",\"name\":\"EFFECTIVE CONTRACT MANAGEMENT | juridiskais birojs | tiesved\u012bbas | konsult\u0101cijas\",\"alternateName\":\"EFFCOM | juridiskais birojs | tiesved\u012bbas | konsult\u0101cijas\",\"url\":\"https:\/\/effcom.lv\/\",\"logo\":{\"@type\":\"ImageObject\",\"inLanguage\":\"en-US\",\"@id\":\"https:\/\/effcom.lv\/#\/schema\/logo\/image\/\",\"url\":\"https:\/\/effcom.lv\/wp-content\/uploads\/2025\/08\/Untitled-design-5.png\",\"contentUrl\":\"https:\/\/effcom.lv\/wp-content\/uploads\/2025\/08\/Untitled-design-5.png\",\"width\":512,\"height\":512,\"caption\":\"EFFECTIVE CONTRACT MANAGEMENT | juridiskais birojs | tiesved\u012bbas | konsult\u0101cijas\"},\"image\":{\"@id\":\"https:\/\/effcom.lv\/#\/schema\/logo\/image\/\"}}]}<\/script>\n<!-- \/ Yoast SEO plugin. -->","yoast_head_json":{"title":"L\u012bguma risku anal\u012bze | L\u012bgumu p\u0101rrunas un izpildes uzraudz\u012bba","description":"Pied\u0101v\u0101j\u0101m l\u012bguma risku anal\u012bzi, l\u012bgumu p\u0101rrunas, l\u012bgumu izpildes uzraudz\u012bbu, apak\u0161uz\u0146\u0113m\u0113ju darb\u012bbas nodro\u0161in\u0101\u0161anu.","robots":{"index":"index","follow":"follow","max-snippet":"max-snippet:-1","max-image-preview":"max-image-preview:large","max-video-preview":"max-video-preview:-1"},"canonical":"https:\/\/effcom.lv\/en\/pakalpojumi\/","og_locale":"en_US","og_type":"article","og_title":"L\u012bguma risku anal\u012bze | L\u012bgumu p\u0101rrunas un izpildes uzraudz\u012bba","og_description":"Pied\u0101v\u0101j\u0101m l\u012bguma risku anal\u012bzi, l\u012bgumu p\u0101rrunas, l\u012bgumu izpildes uzraudz\u012bbu, apak\u0161uz\u0146\u0113m\u0113ju darb\u012bbas nodro\u0161in\u0101\u0161anu.","og_url":"https:\/\/effcom.lv\/en\/pakalpojumi\/","og_site_name":"EFFECTIVE CONTRACT MANAGEMENT","article_modified_time":"2025-08-20T19:52:44+00:00","og_image":[{"width":512,"height":512,"url":"https:\/\/effcom.lv\/wp-content\/uploads\/2025\/08\/Untitled-design-5.png","type":"image\/png"}],"twitter_card":"summary_large_image","twitter_misc":{"Est. reading time":"1 minute"},"schema":{"@context":"https:\/\/schema.org","@graph":[{"@type":"WebPage","@id":"https:\/\/effcom.lv\/pakalpojumi\/","url":"https:\/\/effcom.lv\/pakalpojumi\/","name":"L\u012bguma risku anal\u012bze | L\u012bgumu p\u0101rrunas un izpildes uzraudz\u012bba","isPartOf":{"@id":"https:\/\/effcom.lv\/#website"},"datePublished":"2025-07-22T09:55:40+00:00","dateModified":"2025-08-20T19:52:44+00:00","description":"Pied\u0101v\u0101j\u0101m l\u012bguma risku anal\u012bzi, l\u012bgumu p\u0101rrunas, l\u012bgumu izpildes uzraudz\u012bbu, apak\u0161uz\u0146\u0113m\u0113ju darb\u012bbas nodro\u0161in\u0101\u0161anu.","breadcrumb":{"@id":"https:\/\/effcom.lv\/pakalpojumi\/#breadcrumb"},"inLanguage":"en-US","potentialAction":[{"@type":"ReadAction","target":["https:\/\/effcom.lv\/pakalpojumi\/"]}]},{"@type":"BreadcrumbList","@id":"https:\/\/effcom.lv\/pakalpojumi\/#breadcrumb","itemListElement":[{"@type":"ListItem","position":1,"name":"Home","item":"https:\/\/effcom.lv\/"},{"@type":"ListItem","position":2,"name":"Pakalpojumi"}]},{"@type":"WebSite","@id":"https:\/\/effcom.lv\/#website","url":"https:\/\/effcom.lv\/","name":"EFFECTIVE CONTRACT MANAGEMENT | juridiskais birojs | tiesved\u012bbas | konsult\u0101cijas","description":"","publisher":{"@id":"https:\/\/effcom.lv\/#organization"},"alternateName":"EFFCOM | juridiskais birojs | tiesved\u012bbas | konsult\u0101cijas","potentialAction":[{"@type":"SearchAction","target":{"@type":"EntryPoint","urlTemplate":"https:\/\/effcom.lv\/?s={search_term_string}"},"query-input":{"@type":"PropertyValueSpecification","valueRequired":true,"valueName":"search_term_string"}}],"inLanguage":"en-US"},{"@type":"Organization","@id":"https:\/\/effcom.lv\/#organization","name":"EFFECTIVE CONTRACT MANAGEMENT | juridiskais birojs | tiesved\u012bbas | konsult\u0101cijas","alternateName":"EFFCOM | juridiskais birojs | tiesved\u012bbas | konsult\u0101cijas","url":"https:\/\/effcom.lv\/","logo":{"@type":"ImageObject","inLanguage":"en-US","@id":"https:\/\/effcom.lv\/#\/schema\/logo\/image\/","url":"https:\/\/effcom.lv\/wp-content\/uploads\/2025\/08\/Untitled-design-5.png","contentUrl":"https:\/\/effcom.lv\/wp-content\/uploads\/2025\/08\/Untitled-design-5.png","width":512,"height":512,"caption":"EFFECTIVE CONTRACT MANAGEMENT | juridiskais birojs | tiesved\u012bbas | konsult\u0101cijas"},"image":{"@id":"https:\/\/effcom.lv\/#\/schema\/logo\/image\/"}}]}},"uagb_featured_image_src":{"full":false,"thumbnail":false,"medium":false,"medium_large":false,"large":false,"1536x1536":false,"2048x2048":false,"trp-custom-language-flag":false},"uagb_author_info":{"display_name":"cibuksm@gmail.com","author_link":"https:\/\/effcom.lv\/en\/author\/cibuksmgmail-com\/"},"uagb_comment_info":0,"uagb_excerpt":"L\u012bgumu vad\u012bba","_links":{"self":[{"href":"https:\/\/effcom.lv\/en\/wp-json\/wp\/v2\/pages\/12","targetHints":{"allow":["GET"]}}],"collection":[{"href":"https:\/\/effcom.lv\/en\/wp-json\/wp\/v2\/pages"}],"about":[{"href":"https:\/\/effcom.lv\/en\/wp-json\/wp\/v2\/types\/page"}],"author":[{"embeddable":true,"href":"https:\/\/effcom.lv\/en\/wp-json\/wp\/v2\/users\/1"}],"replies":[{"embeddable":true,"href":"https:\/\/effcom.lv\/en\/wp-json\/wp\/v2\/comments?post=12"}],"version-history":[{"count":13,"href":"https:\/\/effcom.lv\/en\/wp-json\/wp\/v2\/pages\/12\/revisions"}],"predecessor-version":[{"id":2516,"href":"https:\/\/effcom.lv\/en\/wp-json\/wp\/v2\/pages\/12\/revisions\/2516"}],"wp:attachment":[{"href":"https:\/\/effcom.lv\/en\/wp-json\/wp\/v2\/media?parent=12"}],"curies":[{"name":"wp","href":"https:\/\/api.w.org\/{rel}","templated":true}]}}