{"id":834,"date":"2025-07-22T09:55:39","date_gmt":"2025-07-22T09:55:39","guid":{"rendered":"https:\/\/effcom.lv\/about-us\/"},"modified":"2025-08-20T19:52:09","modified_gmt":"2025-08-20T19:52:09","slug":"darbibas-virzieni","status":"publish","type":"page","link":"https:\/\/effcom.lv\/en\/darbibas-virzieni\/","title":{"rendered":"Directions of action"},"content":{"rendered":"<div class=\"wp-block-uagb-container uagb-block-b7d9dbc5 alignfull uagb-is-root-container\"><div class=\"uagb-container-inner-blocks-wrap\">\n<div class=\"wp-block-uagb-advanced-heading uagb-block-ecce855c\"><h1 class=\"uagb-heading-text\">Contract management<\/h1><\/div>\n\n\n\n<div class=\"wp-block-uagb-info-box uagb-block-648a2585 uagb-infobox__content-wrap  uagb-infobox-icon-above-title uagb-infobox-image-valign-top\"><div class=\"uagb-ifb-content\"><div class=\"uagb-ifb-title-wrap\"><div class=\"uagb-ifb-separator\"><\/div><h1 class=\"uagb-ifb-title\">Directions of action<\/h1><\/div><\/div><\/div>\n<\/div><\/div>\n\n\n\n<div class=\"wp-block-uagb-container uagb-block-13a75f80 alignfull uagb-is-root-container\"><div class=\"uagb-container-inner-blocks-wrap\">\n<div data-aos= \"fade-right\" data-aos-duration=\"400\" data-aos-delay=\"0\" data-aos-easing=\"ease\" data-aos-once=\"true\" class=\"wp-block-uagb-info-box uagb-block-1de62129 uagb-infobox__content-wrap  uagb-infobox-icon-above-title uagb-infobox-image-valign-top wp-block-uagb-info-box--has-margin\"><div class=\"uagb-infobox-margin-wrapper\"><div class=\"uagb-ifb-content\"><div class=\"uagb-ifb-title-wrap\"><div class=\"uagb-ifb-separator\"><\/div><h2 class=\"uagb-ifb-title\">Production \u2013 equipment and material purchases<\/h2><\/div><p class=\"uagb-ifb-desc\">Thanks to many years of experience in cooperation with metalworking, mechanical engineering, thermal power and automation companies, we offer monitoring of supply partner contracts from initial negotiations to dispute resolution.<\/p><div class=\"uagb-ifb-button-wrapper wp-block-button\"><a href=\"\/en\/kontakti\/\" class=\"uagb-infobox-cta-link wp-block-button__link\" target=\"_self\" rel=\"noopener noreferrer\" onclick=\"return true;\"><span class=\"uagb-inline-editing\">Contact us<\/span><\/a><\/div><\/div><\/div><\/div>\n\n\n\n<div class=\"wp-block-uagb-container uagb-block-273861b9\">\n<div data-aos= \"fade-left\" data-aos-duration=\"400\" data-aos-delay=\"0\" data-aos-easing=\"ease\" data-aos-once=\"true\" class=\"wp-block-uagb-image alignleft uagb-block-de857edf wp-block-uagb-image--layout-default wp-block-uagb-image--effect-static wp-block-uagb-image--align-left alignright\"><figure class=\"wp-block-uagb-image__figure\"><img decoding=\"async\" srcset=\"https:\/\/effcom.lv\/wp-content\/uploads\/2025\/08\/PB254136-1024x768.jpg ,https:\/\/effcom.lv\/wp-content\/uploads\/2025\/08\/PB254136-scaled.jpg 780w, https:\/\/effcom.lv\/wp-content\/uploads\/2025\/08\/PB254136-scaled.jpg 360w\" sizes=\"auto, (max-width: 480px) 150px\" src=\"https:\/\/effcom.lv\/wp-content\/uploads\/2025\/08\/PB254136-1024x768.jpg\" alt=\"\" class=\"uag-image-2437\" width=\"573\" height=\"430\" title=\"OLYMPUS DIGITAL CAMERA\" loading=\"lazy\" role=\"img\"\/><\/figure><\/div>\n<\/div>\n<\/div><\/div>\n\n\n\n<div class=\"wp-block-uagb-container uagb-block-9b84f3b6 alignfull uagb-is-root-container\"><div class=\"uagb-container-inner-blocks-wrap\">\n<div class=\"wp-block-group is-layout-flex wp-block-group-is-layout-flex\">\n<div data-aos= \"slide-up\" data-aos-duration=\"400\" data-aos-delay=\"0\" data-aos-easing=\"ease\" data-aos-once=\"true\" class=\"wp-block-uagb-container uagb-block-6fab0aa9\">\n<div class=\"wp-block-uagb-info-box uagb-block-872c930b uagb-infobox__content-wrap  uagb-infobox-icon-above-title uagb-infobox-image-valign-top wp-block-uagb-info-box--has-margin\"><div class=\"uagb-infobox-margin-wrapper\"><div class=\"uagb-ifb-content\"><div class=\"uagb-ifb-icon-wrap\"><svg xmlns=\"https:\/\/www.w3.org\/2000\/svg\" viewbox=\"0 0 640 512\"><path d=\"M288 48C288 21.49 309.5 0 336 0H432C458.5 0 480 21.49 480 48V192H520V120C520 106.7 530.7 96 544 96C557.3 96 568 106.7 568 120V192H592C618.5 192 640 213.5 640 240V464C640 490.5 618.5 512 592 512H336C309.5 512 288 490.5 288 464V48zM352 112C352 120.8 359.2 128 368 128H400C408.8 128 416 120.8 416 112V80C416 71.16 408.8 64 400 64H368C359.2 64 352 71.16 352 80V112zM368 160C359.2 160 352 167.2 352 176V208C352 216.8 359.2 224 368 224H400C408.8 224 416 216.8 416 208V176C416 167.2 408.8 160 400 160H368zM352 304C352 312.8 359.2 320 368 320H400C408.8 320 416 312.8 416 304V272C416 263.2 408.8 256 400 256H368C359.2 256 352 263.2 352 272V304zM528 256C519.2 256 512 263.2 512 272V304C512 312.8 519.2 320 528 320H560C568.8 320 576 312.8 576 304V272C576 263.2 568.8 256 560 256H528zM512 400C512 408.8 519.2 416 528 416H560C568.8 416 576 408.8 576 400V368C576 359.2 568.8 352 560 352H528C519.2 352 512 359.2 512 368V400zM246.6 233.4C259.1 245.9 259.1 266.1 246.6 278.6L166.6 358.6C154.1 371.1 133.9 371.1 121.4 358.6C108.9 346.1 108.9 325.9 121.4 313.4L146.7 288H32C14.33 288 0 273.7 0 256C0 238.3 14.33 224 32 224H146.7L121.4 198.6C108.9 186.1 108.9 165.9 121.4 153.4C133.9 140.9 154.1 140.9 166.6 153.4L246.6 233.4z\"><\/path><\/svg><\/div><div class=\"uagb-ifb-title-wrap\"><h4 class=\"uagb-ifb-title\">Rent of premises<\/h4><\/div><p class=\"uagb-ifb-desc\">Overseeing dozens of successful space lease agreements over a period of 20 years in the leasing of warehouses, production, offices and retail spaces provides our experience and knowledge, which we will use to help transfer our successful experience to your space lease or rental agreements.<br><\/p><\/div><\/div><\/div>\n<\/div>\n\n\n\n<div data-aos= \"slide-up\" data-aos-duration=\"400\" data-aos-delay=\"0\" data-aos-easing=\"ease\" data-aos-once=\"true\" class=\"wp-block-uagb-container uagb-block-9e2a091e\">\n<div class=\"wp-block-uagb-info-box uagb-block-53cfdc19 uagb-infobox__content-wrap  uagb-infobox-icon-above-title uagb-infobox-image-valign-top wp-block-uagb-info-box--has-margin\"><div class=\"uagb-infobox-margin-wrapper\"><div class=\"uagb-ifb-content\"><div class=\"uagb-ifb-icon-wrap\"><svg xmlns=\"https:\/\/www.w3.org\/2000\/svg\" viewbox=\"0 0 640 512\"><path d=\"M496 224C416.4 224 352 288.4 352 368s64.38 144 144 144s144-64.38 144-144S575.6 224 496 224zM544 384h-54.25C484.4 384 480 379.6 480 374.3V304C480 295.2 487.2 288 496 288C504.8 288 512 295.2 512 304V352h32c8.838 0 16 7.162 16 16C560 376.8 552.8 384 544 384zM320.1 352H208C199.2 352 192 344.8 192 336V288H0v144C0 457.6 22.41 480 48 480h312.2C335.1 449.6 320 410.5 320 368C320 362.6 320.5 357.3 320.1 352zM496 192c5.402 0 10.72 .3301 16 .8066V144C512 118.4 489.6 96 464 96H384V48C384 22.41 361.6 0 336 0h-160C150.4 0 128 22.41 128 48V96H48C22.41 96 0 118.4 0 144V256h360.2C392.5 216.9 441.3 192 496 192zM336 96h-160V48h160V96z\"><\/path><\/svg><\/div><div class=\"uagb-ifb-title-wrap\"><h4 class=\"uagb-ifb-title\">Monitoring long-term B2B relationships<\/h4><\/div><p class=\"uagb-ifb-desc\">Regardless of the direction of cooperation, regularity and public image of the B2B partner, dispassionate control of contract execution is the only way to avoid exposing your business to risk. By choosing the level of control together with us, you will gain confidence in the progress of contract execution and the achievement of the result.<\/p><\/div><\/div><\/div>\n<\/div>\n<\/div>\n<\/div><\/div>\n\n\n\n<div class=\"wp-block-uagb-container uagb-block-4523941f alignfull uagb-is-root-container\"><div class=\"uagb-container-inner-blocks-wrap\">\n<div data-aos= \"fade-right\" data-aos-duration=\"400\" data-aos-delay=\"0\" data-aos-easing=\"ease\" data-aos-once=\"true\" class=\"wp-block-uagb-info-box uagb-block-957a0fcd uagb-infobox__content-wrap  uagb-infobox-icon-above-title uagb-infobox-image-valign-top wp-block-uagb-info-box--has-margin\"><div class=\"uagb-infobox-margin-wrapper\"><div class=\"uagb-ifb-content\"><div class=\"uagb-ifb-title-wrap\"><div class=\"uagb-ifb-separator\"><\/div><h2 class=\"uagb-ifb-title\">Construction<\/h2><\/div><p class=\"uagb-ifb-desc\">Thanks to our experience in supervising the implementation of construction contracts for municipal and state public facilities, we also offer our experience for the implementation of your construction projects - from the selection of subcontractors and a team of specialists to the successful commissioning of the project.<\/p><div class=\"uagb-ifb-button-wrapper wp-block-button\"><a href=\"\/en\/kontakti\/\" class=\"uagb-infobox-cta-link wp-block-button__link\" target=\"_self\" rel=\"noopener noreferrer\" onclick=\"return true;\"><span class=\"uagb-inline-editing\">Contact us<\/span><\/a><\/div><\/div><\/div><\/div>\n\n\n\n<div data-aos= \"fade-left\" data-aos-duration=\"400\" data-aos-delay=\"0\" data-aos-easing=\"ease\" data-aos-once=\"true\" class=\"wp-block-uagb-container uagb-block-daac8092\">\n<div class=\"wp-block-uagb-image alignleft uagb-block-1a135684 wp-block-uagb-image--layout-default wp-block-uagb-image--effect-static wp-block-uagb-image--align-left alignright\"><figure class=\"wp-block-uagb-image__figure\"><img decoding=\"async\" srcset=\"https:\/\/effcom.lv\/wp-content\/uploads\/2025\/08\/KK-0948.jpg-1024x683.jpg ,https:\/\/effcom.lv\/wp-content\/uploads\/2025\/08\/KK-0948.jpg.jpg 780w, https:\/\/effcom.lv\/wp-content\/uploads\/2025\/08\/KK-0948.jpg.jpg 360w\" sizes=\"auto, (max-width: 480px) 150px\" src=\"https:\/\/effcom.lv\/wp-content\/uploads\/2025\/08\/KK-0948.jpg-1024x683.jpg\" alt=\"\" class=\"uag-image-2348\" width=\"604\" height=\"403\" title=\"KK-0948.jpg\" loading=\"lazy\" role=\"img\"\/><\/figure><\/div>\n<\/div>\n<\/div><\/div>\n\n\n\n<div data-aos= \"zoom-in-up\" data-aos-duration=\"400\" data-aos-delay=\"0\" data-aos-easing=\"ease\" data-aos-once=\"true\" class=\"wp-block-uagb-info-box uagb-block-415d450e uagb-infobox__content-wrap  uagb-infobox-icon-above-title uagb-infobox-image-valign-top wp-block-uagb-info-box--has-margin\"><div class=\"uagb-infobox-margin-wrapper\"><div class=\"uagb-ifb-content\"><div class=\"uagb-ifb-icon-wrap\"><svg xmlns=\"https:\/\/www.w3.org\/2000\/svg\" viewbox=\"0 0 640 512\"><path d=\"M0 383.9l64 .0404c17.75 0 32-14.29 32-32.03V128.3L0 128.3V383.9zM48 320.1c8.75 0 16 7.118 16 15.99c0 8.742-7.25 15.99-16 15.99S32 344.8 32 336.1C32 327.2 39.25 320.1 48 320.1zM348.8 64c-7.941 0-15.66 2.969-21.52 8.328L228.9 162.3C228.8 162.5 228.8 162.7 228.6 162.7C212 178.3 212.3 203.2 226.5 218.7c12.75 13.1 39.38 17.62 56.13 2.75C282.8 221.3 282.9 221.3 283 221.2l79.88-73.1c6.5-5.871 16.75-5.496 22.62 1c6 6.496 5.5 16.62-1 22.62l-26.12 23.87L504 313.7c2.875 2.496 5.5 4.996 7.875 7.742V127.1c-40.98-40.96-96.48-63.88-154.4-63.88L348.8 64zM334.6 217.4l-30 27.49c-29.75 27.11-75.25 24.49-101.8-4.371C176 211.2 178.1 165.7 207.3 138.9L289.1 64H282.5C224.7 64 169.1 87.08 128.2 127.9L128 351.8l18.25 .0369l90.5 81.82c27.5 22.37 67.75 18.12 90-9.246l18.12 15.24c15.88 12.1 39.38 10.5 52.38-5.371l31.38-38.6l5.374 4.498c13.75 11 33.88 9.002 45-4.748l9.538-11.78c11.12-13.75 9.036-33.78-4.694-44.93L334.6 217.4zM544 128.4v223.6c0 17.62 14.25 32.05 31.1 32.05L640 384V128.1L544 128.4zM592 352c-8.75 0-16-7.246-16-15.99c0-8.875 7.25-15.99 16-15.99S608 327.2 608 336.1C608 344.8 600.8 352 592 352z\"><\/path><\/svg><\/div><div class=\"uagb-ifb-title-wrap\"><h3 class=\"uagb-ifb-title\">An important cornerstone of our business is respecting the confidentiality of our clients. We treat the information entrusted to us and the scope of our authorization responsibly. Any legitimate commercial information about our cooperation remains confidential.<\/h3><\/div><\/div><\/div><\/div>","protected":false},"excerpt":{"rendered":"<p>Contract management<\/p>","protected":false},"author":1,"featured_media":0,"parent":0,"menu_order":0,"comment_status":"closed","ping_status":"closed","template":"","meta":{"_coblocks_attr":"","_coblocks_dimensions":"","_coblocks_responsive_height":"","_coblocks_accordion_ie_support":"","_uag_custom_page_level_css":"","site-sidebar-layout":"no-sidebar","site-content-layout":"plain-container","ast-site-content-layout":"normal-width-container","site-content-style":"unboxed","site-sidebar-style":"unboxed","ast-global-header-display":"","ast-banner-title-visibility":"","ast-main-header-display":"","ast-hfb-above-header-display":"","ast-hfb-below-header-display":"","ast-hfb-mobile-header-display":"","site-post-title":"disabled","ast-breadcrumbs-content":"","ast-featured-img":"disabled","footer-sml-layout":"","theme-transparent-header-meta":"enabled","adv-header-id-meta":"","stick-header-meta":"","header-above-stick-meta":"","header-main-stick-meta":"","header-below-stick-meta":"","astra-migrate-meta-layouts":"set","ast-page-background-enabled":"default","ast-page-background-meta":{"desktop":{"background-color":"var(--ast-global-color-4)","background-image":"","background-repeat":"repeat","background-position":"center center","background-size":"auto","background-attachment":"scroll","background-type":"","background-media":"","overlay-type":"","overlay-color":"","overlay-opacity":"","overlay-gradient":""},"tablet":{"background-color":"","background-image":"","background-repeat":"repeat","background-position":"center center","background-size":"auto","background-attachment":"scroll","background-type":"","background-media":"","overlay-type":"","overlay-color":"","overlay-opacity":"","overlay-gradient":""},"mobile":{"background-color":"","background-image":"","background-repeat":"repeat","background-position":"center center","background-size":"auto","background-attachment":"scroll","background-type":"","background-media":"","overlay-type":"","overlay-color":"","overlay-opacity":"","overlay-gradient":""}},"ast-content-background-meta":{"desktop":{"background-color":"var(--ast-global-color-5)","background-image":"","background-repeat":"repeat","background-position":"center center","background-size":"auto","background-attachment":"scroll","background-type":"","background-media":"","overlay-type":"","overlay-color":"","overlay-opacity":"","overlay-gradient":""},"tablet":{"background-color":"var(--ast-global-color-5)","background-image":"","background-repeat":"repeat","background-position":"center center","background-size":"auto","background-attachment":"scroll","background-type":"","background-media":"","overlay-type":"","overlay-color":"","overlay-opacity":"","overlay-gradient":""},"mobile":{"background-color":"var(--ast-global-color-5)","background-image":"","background-repeat":"repeat","background-position":"center center","background-size":"auto","background-attachment":"scroll","background-type":"","background-media":"","overlay-type":"","overlay-color":"","overlay-opacity":"","overlay-gradient":""}},"footnotes":""},"class_list":["post-834","page","type-page","status-publish","hentry"],"featured_image_src":null,"yoast_head":"<!-- This site is optimized with the Yoast SEO plugin v26.2 - https:\/\/yoast.com\/wordpress\/plugins\/seo\/ -->\n<title>EFFCOM - Konsult\u0113jam iek\u0101rtu un materi\u0101lu iepirkumos,b\u016bvniec\u012bb\u0101<\/title>\n<meta name=\"description\" content=\"Pied\u0101v\u0101jam pieg\u0101des partneru l\u012bgumu uzraudz\u012bbu no s\u0101kotn\u0113j\u0101m sarun\u0101m l\u012bdz str\u012bdu risin\u0101\u0161anai, b\u016bvniec\u012bbas projektu realiz\u0101cija.\" \/>\n<meta name=\"robots\" content=\"index, follow, max-snippet:-1, max-image-preview:large, max-video-preview:-1\" \/>\n<link rel=\"canonical\" href=\"https:\/\/effcom.lv\/en\/darbibas-virzieni\/\" \/>\n<meta property=\"og:locale\" content=\"en_US\" \/>\n<meta property=\"og:type\" content=\"article\" \/>\n<meta property=\"og:title\" content=\"EFFCOM - Konsult\u0113jam iek\u0101rtu un materi\u0101lu iepirkumos,b\u016bvniec\u012bb\u0101\" \/>\n<meta property=\"og:description\" content=\"Pied\u0101v\u0101jam pieg\u0101des partneru l\u012bgumu uzraudz\u012bbu no s\u0101kotn\u0113j\u0101m sarun\u0101m l\u012bdz str\u012bdu risin\u0101\u0161anai, b\u016bvniec\u012bbas projektu realiz\u0101cija.\" \/>\n<meta property=\"og:url\" content=\"https:\/\/effcom.lv\/en\/darbibas-virzieni\/\" \/>\n<meta property=\"og:site_name\" content=\"EFFECTIVE CONTRACT MANAGEMENT\" \/>\n<meta property=\"article:modified_time\" content=\"2025-08-20T19:52:09+00:00\" \/>\n<meta property=\"og:image\" content=\"https:\/\/effcom.lv\/wp-content\/uploads\/2025\/08\/PB254136-1024x768.jpg\" \/>\n<meta name=\"twitter:card\" content=\"summary_large_image\" \/>\n<script type=\"application\/ld+json\" class=\"yoast-schema-graph\">{\"@context\":\"https:\/\/schema.org\",\"@graph\":[{\"@type\":\"WebPage\",\"@id\":\"https:\/\/effcom.lv\/darbibas-virzieni\/\",\"url\":\"https:\/\/effcom.lv\/darbibas-virzieni\/\",\"name\":\"EFFCOM - Konsult\u0113jam iek\u0101rtu un materi\u0101lu iepirkumos,b\u016bvniec\u012bb\u0101\",\"isPartOf\":{\"@id\":\"https:\/\/effcom.lv\/#website\"},\"primaryImageOfPage\":{\"@id\":\"https:\/\/effcom.lv\/darbibas-virzieni\/#primaryimage\"},\"image\":{\"@id\":\"https:\/\/effcom.lv\/darbibas-virzieni\/#primaryimage\"},\"thumbnailUrl\":\"https:\/\/effcom.lv\/wp-content\/uploads\/2025\/08\/PB254136-1024x768.jpg\",\"datePublished\":\"2025-07-22T09:55:39+00:00\",\"dateModified\":\"2025-08-20T19:52:09+00:00\",\"description\":\"Pied\u0101v\u0101jam pieg\u0101des partneru l\u012bgumu uzraudz\u012bbu no s\u0101kotn\u0113j\u0101m sarun\u0101m l\u012bdz str\u012bdu risin\u0101\u0161anai, b\u016bvniec\u012bbas projektu realiz\u0101cija.\",\"breadcrumb\":{\"@id\":\"https:\/\/effcom.lv\/darbibas-virzieni\/#breadcrumb\"},\"inLanguage\":\"en-US\",\"potentialAction\":[{\"@type\":\"ReadAction\",\"target\":[\"https:\/\/effcom.lv\/darbibas-virzieni\/\"]}]},{\"@type\":\"ImageObject\",\"inLanguage\":\"en-US\",\"@id\":\"https:\/\/effcom.lv\/darbibas-virzieni\/#primaryimage\",\"url\":\"https:\/\/effcom.lv\/wp-content\/uploads\/2025\/08\/PB254136-1024x768.jpg\",\"contentUrl\":\"https:\/\/effcom.lv\/wp-content\/uploads\/2025\/08\/PB254136-1024x768.jpg\"},{\"@type\":\"BreadcrumbList\",\"@id\":\"https:\/\/effcom.lv\/darbibas-virzieni\/#breadcrumb\",\"itemListElement\":[{\"@type\":\"ListItem\",\"position\":1,\"name\":\"Home\",\"item\":\"https:\/\/effcom.lv\/\"},{\"@type\":\"ListItem\",\"position\":2,\"name\":\"Darb\u012bbas virzieni\"}]},{\"@type\":\"WebSite\",\"@id\":\"https:\/\/effcom.lv\/#website\",\"url\":\"https:\/\/effcom.lv\/\",\"name\":\"EFFECTIVE CONTRACT MANAGEMENT | juridiskais birojs | tiesved\u012bbas | konsult\u0101cijas\",\"description\":\"\",\"publisher\":{\"@id\":\"https:\/\/effcom.lv\/#organization\"},\"alternateName\":\"EFFCOM | juridiskais birojs | tiesved\u012bbas | konsult\u0101cijas\",\"potentialAction\":[{\"@type\":\"SearchAction\",\"target\":{\"@type\":\"EntryPoint\",\"urlTemplate\":\"https:\/\/effcom.lv\/?s={search_term_string}\"},\"query-input\":{\"@type\":\"PropertyValueSpecification\",\"valueRequired\":true,\"valueName\":\"search_term_string\"}}],\"inLanguage\":\"en-US\"},{\"@type\":\"Organization\",\"@id\":\"https:\/\/effcom.lv\/#organization\",\"name\":\"EFFECTIVE CONTRACT MANAGEMENT | juridiskais birojs | tiesved\u012bbas | konsult\u0101cijas\",\"alternateName\":\"EFFCOM | juridiskais birojs | tiesved\u012bbas | konsult\u0101cijas\",\"url\":\"https:\/\/effcom.lv\/\",\"logo\":{\"@type\":\"ImageObject\",\"inLanguage\":\"en-US\",\"@id\":\"https:\/\/effcom.lv\/#\/schema\/logo\/image\/\",\"url\":\"https:\/\/effcom.lv\/wp-content\/uploads\/2025\/08\/Untitled-design-5.png\",\"contentUrl\":\"https:\/\/effcom.lv\/wp-content\/uploads\/2025\/08\/Untitled-design-5.png\",\"width\":512,\"height\":512,\"caption\":\"EFFECTIVE CONTRACT MANAGEMENT | juridiskais birojs | tiesved\u012bbas | konsult\u0101cijas\"},\"image\":{\"@id\":\"https:\/\/effcom.lv\/#\/schema\/logo\/image\/\"}}]}<\/script>\n<!-- \/ Yoast SEO plugin. -->","yoast_head_json":{"title":"EFFCOM - Konsult\u0113jam iek\u0101rtu un materi\u0101lu iepirkumos,b\u016bvniec\u012bb\u0101","description":"Pied\u0101v\u0101jam pieg\u0101des partneru l\u012bgumu uzraudz\u012bbu no s\u0101kotn\u0113j\u0101m sarun\u0101m l\u012bdz str\u012bdu risin\u0101\u0161anai, b\u016bvniec\u012bbas projektu realiz\u0101cija.","robots":{"index":"index","follow":"follow","max-snippet":"max-snippet:-1","max-image-preview":"max-image-preview:large","max-video-preview":"max-video-preview:-1"},"canonical":"https:\/\/effcom.lv\/en\/darbibas-virzieni\/","og_locale":"en_US","og_type":"article","og_title":"EFFCOM - Konsult\u0113jam iek\u0101rtu un materi\u0101lu iepirkumos,b\u016bvniec\u012bb\u0101","og_description":"Pied\u0101v\u0101jam pieg\u0101des partneru l\u012bgumu uzraudz\u012bbu no s\u0101kotn\u0113j\u0101m sarun\u0101m l\u012bdz str\u012bdu risin\u0101\u0161anai, b\u016bvniec\u012bbas projektu realiz\u0101cija.","og_url":"https:\/\/effcom.lv\/en\/darbibas-virzieni\/","og_site_name":"EFFECTIVE CONTRACT MANAGEMENT","article_modified_time":"2025-08-20T19:52:09+00:00","og_image":[{"url":"https:\/\/effcom.lv\/wp-content\/uploads\/2025\/08\/PB254136-1024x768.jpg","type":"","width":"","height":""}],"twitter_card":"summary_large_image","schema":{"@context":"https:\/\/schema.org","@graph":[{"@type":"WebPage","@id":"https:\/\/effcom.lv\/darbibas-virzieni\/","url":"https:\/\/effcom.lv\/darbibas-virzieni\/","name":"EFFCOM - Konsult\u0113jam iek\u0101rtu un materi\u0101lu iepirkumos,b\u016bvniec\u012bb\u0101","isPartOf":{"@id":"https:\/\/effcom.lv\/#website"},"primaryImageOfPage":{"@id":"https:\/\/effcom.lv\/darbibas-virzieni\/#primaryimage"},"image":{"@id":"https:\/\/effcom.lv\/darbibas-virzieni\/#primaryimage"},"thumbnailUrl":"https:\/\/effcom.lv\/wp-content\/uploads\/2025\/08\/PB254136-1024x768.jpg","datePublished":"2025-07-22T09:55:39+00:00","dateModified":"2025-08-20T19:52:09+00:00","description":"Pied\u0101v\u0101jam pieg\u0101des partneru l\u012bgumu uzraudz\u012bbu no s\u0101kotn\u0113j\u0101m sarun\u0101m l\u012bdz str\u012bdu risin\u0101\u0161anai, b\u016bvniec\u012bbas projektu realiz\u0101cija.","breadcrumb":{"@id":"https:\/\/effcom.lv\/darbibas-virzieni\/#breadcrumb"},"inLanguage":"en-US","potentialAction":[{"@type":"ReadAction","target":["https:\/\/effcom.lv\/darbibas-virzieni\/"]}]},{"@type":"ImageObject","inLanguage":"en-US","@id":"https:\/\/effcom.lv\/darbibas-virzieni\/#primaryimage","url":"https:\/\/effcom.lv\/wp-content\/uploads\/2025\/08\/PB254136-1024x768.jpg","contentUrl":"https:\/\/effcom.lv\/wp-content\/uploads\/2025\/08\/PB254136-1024x768.jpg"},{"@type":"BreadcrumbList","@id":"https:\/\/effcom.lv\/darbibas-virzieni\/#breadcrumb","itemListElement":[{"@type":"ListItem","position":1,"name":"Home","item":"https:\/\/effcom.lv\/"},{"@type":"ListItem","position":2,"name":"Darb\u012bbas virzieni"}]},{"@type":"WebSite","@id":"https:\/\/effcom.lv\/#website","url":"https:\/\/effcom.lv\/","name":"EFFECTIVE CONTRACT MANAGEMENT | juridiskais birojs | tiesved\u012bbas | konsult\u0101cijas","description":"","publisher":{"@id":"https:\/\/effcom.lv\/#organization"},"alternateName":"EFFCOM | juridiskais birojs | tiesved\u012bbas | konsult\u0101cijas","potentialAction":[{"@type":"SearchAction","target":{"@type":"EntryPoint","urlTemplate":"https:\/\/effcom.lv\/?s={search_term_string}"},"query-input":{"@type":"PropertyValueSpecification","valueRequired":true,"valueName":"search_term_string"}}],"inLanguage":"en-US"},{"@type":"Organization","@id":"https:\/\/effcom.lv\/#organization","name":"EFFECTIVE CONTRACT MANAGEMENT | juridiskais birojs | tiesved\u012bbas | konsult\u0101cijas","alternateName":"EFFCOM | juridiskais birojs | tiesved\u012bbas | konsult\u0101cijas","url":"https:\/\/effcom.lv\/","logo":{"@type":"ImageObject","inLanguage":"en-US","@id":"https:\/\/effcom.lv\/#\/schema\/logo\/image\/","url":"https:\/\/effcom.lv\/wp-content\/uploads\/2025\/08\/Untitled-design-5.png","contentUrl":"https:\/\/effcom.lv\/wp-content\/uploads\/2025\/08\/Untitled-design-5.png","width":512,"height":512,"caption":"EFFECTIVE CONTRACT MANAGEMENT | juridiskais birojs | tiesved\u012bbas | konsult\u0101cijas"},"image":{"@id":"https:\/\/effcom.lv\/#\/schema\/logo\/image\/"}}]}},"uagb_featured_image_src":{"full":false,"thumbnail":false,"medium":false,"medium_large":false,"large":false,"1536x1536":false,"2048x2048":false,"trp-custom-language-flag":false},"uagb_author_info":{"display_name":"cibuksm@gmail.com","author_link":"https:\/\/effcom.lv\/en\/author\/cibuksmgmail-com\/"},"uagb_comment_info":0,"uagb_excerpt":"L\u012bgumu vad\u012bba","_links":{"self":[{"href":"https:\/\/effcom.lv\/en\/wp-json\/wp\/v2\/pages\/834","targetHints":{"allow":["GET"]}}],"collection":[{"href":"https:\/\/effcom.lv\/en\/wp-json\/wp\/v2\/pages"}],"about":[{"href":"https:\/\/effcom.lv\/en\/wp-json\/wp\/v2\/types\/page"}],"author":[{"embeddable":true,"href":"https:\/\/effcom.lv\/en\/wp-json\/wp\/v2\/users\/1"}],"replies":[{"embeddable":true,"href":"https:\/\/effcom.lv\/en\/wp-json\/wp\/v2\/comments?post=834"}],"version-history":[{"count":28,"href":"https:\/\/effcom.lv\/en\/wp-json\/wp\/v2\/pages\/834\/revisions"}],"predecessor-version":[{"id":2515,"href":"https:\/\/effcom.lv\/en\/wp-json\/wp\/v2\/pages\/834\/revisions\/2515"}],"wp:attachment":[{"href":"https:\/\/effcom.lv\/en\/wp-json\/wp\/v2\/media?parent=834"}],"curies":[{"name":"wp","href":"https:\/\/api.w.org\/{rel}","templated":true}]}}